{"id":23,"date":"2023-12-30T10:09:04","date_gmt":"2023-12-30T10:09:04","guid":{"rendered":"https:\/\/preview.kitz-suche.ch\/?page_id=23"},"modified":"2025-07-02T11:43:04","modified_gmt":"2025-07-02T11:43:04","slug":"startseite","status":"publish","type":"page","link":"https:\/\/www.kitz-suche.ch\/","title":{"rendered":"Home &#8211; Deutsch"},"content":{"rendered":"<p>[et_pb_section fb_built=&#8220;1&#8243; admin_label=&#8220;Header&#8220; _builder_version=&#8220;4.21.0&#8243; _module_preset=&#8220;default&#8220; collapsed=&#8220;on&#8220; global_colors_info=&#8220;{}&#8220;][et_pb_row column_structure=&#8220;3_5,2_5&#8243; _builder_version=&#8220;4.21.0&#8243; _module_preset=&#8220;default&#8220; global_colors_info=&#8220;{}&#8220;][et_pb_column type=&#8220;3_5&#8243; _builder_version=&#8220;4.21.0&#8243; _module_preset=&#8220;default&#8220; global_colors_info=&#8220;{}&#8220;][et_pb_image src=&#8220;https:\/\/www.kitz-suche.ch\/wp-content\/uploads\/2023\/12\/bg-corner-001.png&#8220; title_text=&#8220;bg-corner-001&#8243; _builder_version=&#8220;4.23.4&#8243; _module_preset=&#8220;default&#8220; transform_translate=&#8220;-100%|-50%&#8220; transform_translate_linked=&#8220;off&#8220; positioning=&#8220;absolute&#8220; max_width=&#8220;80px&#8220; max_height=&#8220;80px&#8220; global_colors_info=&#8220;{}&#8220;][\/et_pb_image][et_pb_text _builder_version=&#8220;4.21.0&#8243; _module_preset=&#8220;5cbc7d88-c88b-46f0-9873-786a59920314&#8243; global_colors_info=&#8220;{}&#8220;]<\/p>\n<h1><strong>Lebensretter im Einsatz.<\/strong><\/h1>\n<p>[\/et_pb_text][et_pb_text _builder_version=&#8220;4.23.4&#8243; _module_preset=&#8220;cff01aa5-2d32-4a35-a9aa-002a53b855e0&#8243; custom_padding=&#8220;||0px|||&#8220; global_colors_info=&#8220;{}&#8220;]<\/p>\n<p>Willkommen auf der Webseite des Vereins <strong>Rehkitzrettung SenSee.<\/strong><\/p>\n<p>Gegr\u00fcndet im Juli 2023, widmet sich der Verein Rehkitzrettung SenSee der Rettung von Jungtieren, insbesondere Rehkitzen, die durch M\u00e4hmaschinen bedroht sind. In der Schweiz sterben j\u00e4hrlich \u00fcber 1700 Rehkitze in solchen Unf\u00e4llen. Unser Ziel ist es, diese tragischen Vorf\u00e4lle zu verhindern und das Leben unschuldiger Tiere zu retten.<\/p>\n<p>[\/et_pb_text][et_pb_button button_url=&#8220;@ET-DC@eyJkeW5hbWljIjp0cnVlLCJjb250ZW50IjoicG9zdF9saW5rX3VybF9wYWdlIiwic2V0dGluZ3MiOnsicG9zdF9pZCI6IjM4In19@&#8220; button_text=&#8220;Mehr Infos zum Verein&#8220; _builder_version=&#8220;4.23.4&#8243; _dynamic_attributes=&#8220;button_url&#8220; _module_preset=&#8220;b9967370-8251-411d-9eb1-adecf709c699&#8243; button_text_color=&#8220;#000000&#8243; button_bg_color=&#8220;#E1CFBD&#8220; hover_enabled=&#8220;0&#8243; global_colors_info=&#8220;{%22gcid-369d6a5c-948a-46a7-83c8-2ed935036bdf%22:%91%22button_text_color%22,%22button_text_color%22,%22button_text_color%22%93}&#8220; button_bg_enable_color=&#8220;on&#8220; sticky_enabled=&#8220;0&#8243;][\/et_pb_button][\/et_pb_column][et_pb_column type=&#8220;2_5&#8243; _builder_version=&#8220;4.21.0&#8243; _module_preset=&#8220;default&#8220; global_colors_info=&#8220;{}&#8220;][et_pb_image src=&#8220;https:\/\/preview.kitz-suche.ch\/wp-content\/uploads\/2023\/12\/bg-1.jpg&#8220; title_text=&#8220;bg-1&#8243; _builder_version=&#8220;4.23.4&#8243; _module_preset=&#8220;default&#8220; background_enable_image=&#8220;off&#8220; custom_margin=&#8220;|-8vw|||false|false&#8220; custom_margin_tablet=&#8220;|0vw|||false|false&#8220; custom_margin_phone=&#8220;|0vw|||false|false&#8220; custom_margin_last_edited=&#8220;on|desktop&#8220; global_colors_info=&#8220;{}&#8220;][\/et_pb_image][\/et_pb_column][\/et_pb_row][et_pb_row disabled_on=&#8220;on|on|on&#8220; _builder_version=&#8220;4.23.4&#8243; _module_preset=&#8220;default&#8220; disabled=&#8220;on&#8220; global_colors_info=&#8220;{}&#8220;][et_pb_column type=&#8220;4_4&#8243; _builder_version=&#8220;4.23.4&#8243; _module_preset=&#8220;default&#8220; global_colors_info=&#8220;{}&#8220;][et_pb_text _builder_version=&#8220;4.23.4&#8243; _module_preset=&#8220;73310e8b-33fc-4965-8f9a-7f43baf01287&#8243; header_4_text_color=&#8220;gcid-52e8b489-b10c-41af-b3c4-a69642f2df1f&#8220; text_orientation=&#8220;center&#8220; locked=&#8220;off&#8220; global_colors_info=&#8220;{%22gcid-52e8b489-b10c-41af-b3c4-a69642f2df1f%22:%91%22header_4_text_color%22%93}&#8220;]<\/p>\n<h4>News<\/h4>\n<p>[\/et_pb_text][et_pb_text _builder_version=&#8220;4.23.4&#8243; _module_preset=&#8220;default&#8220; text_text_color=&#8220;#022F2B&#8220; custom_padding=&#8220;12px|12px|12px|12px|false|false&#8220; border_radii=&#8220;on|10px|10px|10px|10px&#8220; border_width_all=&#8220;1px&#8220; border_color_all=&#8220;#B1CBC1&#8243; global_colors_info=&#8220;{}&#8220;]<\/p>\n<h2 style=\"text-align: center;\"><strong>Erfolgreiche Rehkitzrettung 2024: 122 Kitze gerettet<\/strong><\/h2>\n<p style=\"text-align: center;\">Zwischen April und Juli 2024 haben unsere 7 Rehkitzrettungspiloten insgesamt 913 Hektar abgeflogen und dabei 122 Rehkitze vor dem sicheren Tod durch M\u00e4hmaschinen bewahrt. Dank des unerm\u00fcdlichen Einsatzes der Piloten und der finanziellen Unterst\u00fctzung der Mitglieder des Rehkitzrettungsvereins SenSee konnten diese lebensrettenden Eins\u00e4tze durchgef\u00fchrt werden.<\/p>\n<p style=\"text-align: center;\">\n<p>[\/et_pb_text][\/et_pb_column][\/et_pb_row][\/et_pb_section][et_pb_section fb_built=&#8220;1&#8243; disabled_on=&#8220;off|off|off&#8220; admin_label=&#8220;Rettungsteams&#8220; _builder_version=&#8220;4.23.4&#8243; _module_preset=&#8220;default&#8220; collapsed=&#8220;on&#8220; global_colors_info=&#8220;{}&#8220;][et_pb_row _builder_version=&#8220;4.23.4&#8243; _module_preset=&#8220;default&#8220; background_image=&#8220;https:\/\/preview.kitz-suche.ch\/wp-content\/uploads\/2023\/12\/wallpaper-scaled.jpg&#8220; max_width=&#8220;1280px&#8220; custom_padding=&#8220;8vw|8vw|8vw|8vw|true|true&#8220; border_radii=&#8220;on|3vw|3vw|3vw|3vw&#8220; global_colors_info=&#8220;{}&#8220; custom_margin__hover_enabled=&#8220;off|desktop&#8220;][et_pb_column type=&#8220;4_4&#8243; _builder_version=&#8220;4.21.0&#8243; _module_preset=&#8220;default&#8220; global_colors_info=&#8220;{}&#8220;][et_pb_text admin_label=&#8220;Text&#8220; _builder_version=&#8220;4.23.4&#8243; _module_preset=&#8220;d39817cc-c399-48b9-9a4d-c1efec07450c&#8220; header_2_text_color=&#8220;#FFFFFF&#8220; header_2_font_size=&#8220;100px&#8220; text_orientation=&#8220;center&#8220; global_colors_info=&#8220;{}&#8220;]<\/p>\n<h2>Impressionen<\/h2>\n<p>[\/et_pb_text][et_pb_button button_url=&#8220;@ET-DC@eyJkeW5hbWljIjp0cnVlLCJjb250ZW50IjoicG9zdF9saW5rX3VybF9wYWdlIiwic2V0dGluZ3MiOnsicG9zdF9pZCI6IjE4NSJ9fQ==@&#8220; button_text=&#8220;Fotos &#038; Videos der Rehkitzrettung&#8220; button_alignment=&#8220;center&#8220; admin_label=&#8220;Button&#8220; _builder_version=&#8220;4.23.4&#8243; _dynamic_attributes=&#8220;button_url&#8220; _module_preset=&#8220;b9967370-8251-411d-9eb1-adecf709c699&#8243; global_colors_info=&#8220;{}&#8220;][\/et_pb_button][\/et_pb_column][\/et_pb_row][\/et_pb_section][et_pb_section fb_built=&#8220;1&#8243; admin_label=&#8220;Unsere Mission&#8220; _builder_version=&#8220;4.23.4&#8243; _module_preset=&#8220;default&#8220; global_colors_info=&#8220;{}&#8220;][et_pb_row _builder_version=&#8220;4.23.4&#8243; _module_preset=&#8220;default&#8220; locked=&#8220;off&#8220; global_colors_info=&#8220;{}&#8220;][et_pb_column type=&#8220;4_4&#8243; _builder_version=&#8220;4.23.4&#8243; _module_preset=&#8220;default&#8220; global_colors_info=&#8220;{}&#8220;][et_pb_text _builder_version=&#8220;4.23.4&#8243; _module_preset=&#8220;73310e8b-33fc-4965-8f9a-7f43baf01287&#8243; header_4_text_color=&#8220;gcid-52e8b489-b10c-41af-b3c4-a69642f2df1f&#8220; text_orientation=&#8220;center&#8220; global_colors_info=&#8220;{%22gcid-52e8b489-b10c-41af-b3c4-a69642f2df1f%22:%91%22header_4_text_color%22%93}&#8220;]<\/p>\n<h4>Rehkitzrettung mit Drohne<\/h4>\n<p>[\/et_pb_text][\/et_pb_column][\/et_pb_row][et_pb_row column_structure=&#8220;1_2,1_2&#8243; _builder_version=&#8220;4.23.4&#8243; _module_preset=&#8220;default&#8220; global_colors_info=&#8220;{}&#8220;][et_pb_column type=&#8220;1_2&#8243; _builder_version=&#8220;4.23.4&#8243; _module_preset=&#8220;default&#8220; global_colors_info=&#8220;{}&#8220;][et_pb_text _builder_version=&#8220;4.23.4&#8243; _module_preset=&#8220;default&#8220; text_font=&#8220;||||||||&#8220; text_font_size=&#8220;16px&#8220; text_line_height=&#8220;1.8em&#8220; global_colors_info=&#8220;{}&#8220;]<\/p>\n<p>Rehkitze werden meistens zwischen April und Juli geboren und von ihren M\u00fcttern im hohen Gras versteckt. In den ersten Lebenswochen bleiben sie bei Gefahr regungslos am Boden, was sie vor nat\u00fcrlichen Feinden sch\u00fctzt, jedoch macht es sie f\u00fcr M\u00e4hmaschinen unsichtbar. Die Maschinen k\u00f6nnen die Tiere t\u00f6ten oder schwer verletzen, was nicht nur tragisch f\u00fcr die Tiere, sondern auch belastend f\u00fcr die Landwirte ist.<\/p>\n<p>Neben herk\u00f6mmlichen Methoden wie dem Vertreiben der Tiere mit Scheuchen oder Duftstoffen, ist der Einsatz von Drohnen mit W\u00e4rmebildkameras die effektivste Methode. Diese Drohnen erm\u00f6glichen es, grosse Fl\u00e4chen systematisch und zeitsparend abzusuchen. Im Durchschnitt k\u00f6nnen zwei bis drei Hektar Feld in 20 bis 30 Minuten durchsucht werden. In der Schweiz konnten so bereits tausende Rehkitze gerettet werden.<\/p>\n<p>[\/et_pb_text][\/et_pb_column][et_pb_column type=&#8220;1_2&#8243; _builder_version=&#8220;4.23.4&#8243; _module_preset=&#8220;default&#8220; global_colors_info=&#8220;{}&#8220;][et_pb_video src=&#8220;https:\/\/youtube.com\/shorts\/Dn-KwDjm7-o?si=UlNxoBQHPK8U7THS&#8220; image_src=&#8220;https:\/\/www.kitz-suche.ch\/wp-content\/uploads\/2023\/12\/preview.jpg&#8220; play_icon_color=&#8220;#FFFFFF&#8220; font_icon=&#8220;&#x49;||divi||400&#8243; thumbnail_overlay_color=&#8220;#B1CBC1&#8243; admin_label=&#8220;Video&#8220; _builder_version=&#8220;4.23.4&#8243; _module_preset=&#8220;default&#8220; width=&#8220;100%&#8220; max_width=&#8220;100%&#8220; border_width_all=&#8220;15px&#8220; border_color_all=&#8220;#B1CBC1&#8243; global_colors_info=&#8220;{}&#8220;][\/et_pb_video][\/et_pb_column][\/et_pb_row][\/et_pb_section][et_pb_section fb_built=&#8220;1&#8243; admin_label=&#8220;Spenden&#8220; _builder_version=&#8220;4.23.4&#8243; _module_preset=&#8220;default&#8220; collapsed=&#8220;on&#8220; global_colors_info=&#8220;{}&#8220;][et_pb_row column_structure=&#8220;2_5,3_5&#8243; _builder_version=&#8220;4.21.0&#8243; _module_preset=&#8220;default&#8220; max_width=&#8220;1280px&#8220; locked=&#8220;off&#8220; global_colors_info=&#8220;{}&#8220;][et_pb_column type=&#8220;2_5&#8243; _builder_version=&#8220;4.21.0&#8243; _module_preset=&#8220;default&#8220; z_index=&#8220;10&#8243; global_colors_info=&#8220;{}&#8220;][et_pb_text _builder_version=&#8220;4.21.0&#8243; _module_preset=&#8220;5708310a-e7f1-4e71-a717-6679413cd8b5&#8243; global_colors_info=&#8220;{}&#8220;]<\/p>\n<h2>Jetzt spenden<\/h2>\n<p>[\/et_pb_text][et_pb_text _builder_version=&#8220;4.21.0&#8243; _module_preset=&#8220;cff01aa5-2d32-4a35-a9aa-002a53b855e0&#8243; global_colors_info=&#8220;{}&#8220;]<\/p>\n<p>Mit einer Spende unterst\u00fctzen Sie den Kauf und Unterhalt von Drohnen, die bei den freiwilligen Eins\u00e4tzen der Rehkitzrettung unverzichtbar sind.<\/p>\n<p>[\/et_pb_text][et_pb_text _builder_version=&#8220;4.23.4&#8243; _module_preset=&#8220;default&#8220; global_colors_info=&#8220;{}&#8220;]<\/p>\n<p>Rehkitzrettung SenSee<br \/>Pr\u00e4sident: Stefan Heiter<br \/>1785 Cressier<\/p>\n<p><strong>Konto CH28 8080 8002 9750 4721 8<\/strong><\/p>\n<p>[\/et_pb_text][\/et_pb_column][et_pb_column type=&#8220;3_5&#8243; _builder_version=&#8220;4.21.0&#8243; _module_preset=&#8220;default&#8220; background_enable_image=&#8220;off&#8220; global_colors_info=&#8220;{}&#8220;][et_pb_image src=&#8220;https:\/\/preview.kitz-suche.ch\/wp-content\/uploads\/2023\/12\/scan-qr-1.jpg&#8220; title_text=&#8220;scan-qr&#8220; _builder_version=&#8220;4.23.4&#8243; _module_preset=&#8220;default&#8220; background_enable_image=&#8220;off&#8220; width=&#8220;100%&#8220; max_width=&#8220;59%&#8220; module_alignment=&#8220;center&#8220; custom_margin=&#8220;||0px||false|false&#8220; global_colors_info=&#8220;{}&#8220;][\/et_pb_image][\/et_pb_column][\/et_pb_row][\/et_pb_section]<\/p>\n","protected":false},"excerpt":{"rendered":"<p>Lebensretter im Einsatz.Willkommen auf der Webseite des Vereins Rehkitzrettung SenSee. Gegr\u00fcndet im Juli 2023, widmet sich der Verein Rehkitzrettung SenSee der Rettung von Jungtieren, insbesondere Rehkitzen, die durch M\u00e4hmaschinen bedroht sind. In der Schweiz sterben j\u00e4hrlich \u00fcber 1700 Rehkitze in solchen Unf\u00e4llen. Unser Ziel ist es, diese tragischen Vorf\u00e4lle zu verhindern und das Leben unschuldiger [&hellip;]<\/p>\n","protected":false},"author":1,"featured_media":0,"parent":0,"menu_order":0,"comment_status":"closed","ping_status":"closed","template":"","meta":{"_et_pb_use_builder":"on","_et_pb_old_content":"","_et_gb_content_width":"","footnotes":""},"class_list":["post-23","page","type-page","status-publish","hentry"],"_links":{"self":[{"href":"https:\/\/www.kitz-suche.ch\/index.php?rest_route=\/wp\/v2\/pages\/23","targetHints":{"allow":["GET"]}}],"collection":[{"href":"https:\/\/www.kitz-suche.ch\/index.php?rest_route=\/wp\/v2\/pages"}],"about":[{"href":"https:\/\/www.kitz-suche.ch\/index.php?rest_route=\/wp\/v2\/types\/page"}],"author":[{"embeddable":true,"href":"https:\/\/www.kitz-suche.ch\/index.php?rest_route=\/wp\/v2\/users\/1"}],"replies":[{"embeddable":true,"href":"https:\/\/www.kitz-suche.ch\/index.php?rest_route=%2Fwp%2Fv2%2Fcomments&post=23"}],"version-history":[{"count":41,"href":"https:\/\/www.kitz-suche.ch\/index.php?rest_route=\/wp\/v2\/pages\/23\/revisions"}],"predecessor-version":[{"id":371,"href":"https:\/\/www.kitz-suche.ch\/index.php?rest_route=\/wp\/v2\/pages\/23\/revisions\/371"}],"wp:attachment":[{"href":"https:\/\/www.kitz-suche.ch\/index.php?rest_route=%2Fwp%2Fv2%2Fmedia&parent=23"}],"curies":[{"name":"wp","href":"https:\/\/api.w.org\/{rel}","templated":true}]}}