{"id":244,"date":"2024-06-14T06:18:14","date_gmt":"2024-06-14T06:18:14","guid":{"rendered":"https:\/\/www.kitz-suche.ch\/?page_id=244"},"modified":"2025-08-21T12:05:32","modified_gmt":"2025-08-21T12:05:32","slug":"sponsor-werden","status":"publish","type":"page","link":"https:\/\/www.kitz-suche.ch\/?page_id=244","title":{"rendered":"Sammelaktion"},"content":{"rendered":"<p>[et_pb_section fb_built=&#8220;1&#8243; admin_label=&#8220;Header&#8220; _builder_version=&#8220;4.21.0&#8243; _module_preset=&#8220;default&#8220; collapsed=&#8220;on&#8220; global_colors_info=&#8220;{}&#8220;][et_pb_row _builder_version=&#8220;4.21.0&#8243; _module_preset=&#8220;default&#8220; global_colors_info=&#8220;{}&#8220;][et_pb_column type=&#8220;4_4&#8243; _builder_version=&#8220;4.21.0&#8243; _module_preset=&#8220;default&#8220; global_colors_info=&#8220;{}&#8220;][et_pb_text _builder_version=&#8220;4.21.0&#8243; _module_preset=&#8220;8a05659a-75fa-4a45-8b03-48bb99bf7772&#8243; locked=&#8220;off&#8220; global_colors_info=&#8220;{}&#8220;]<\/p>\n<h1>Sponsor werden.\u00a0<\/h1>\n<p>[\/et_pb_text][\/et_pb_column][\/et_pb_row][et_pb_row _builder_version=&#8220;4.23.4&#8243; _module_preset=&#8220;default&#8220; global_colors_info=&#8220;{}&#8220;][et_pb_column type=&#8220;4_4&#8243; _builder_version=&#8220;4.21.0&#8243; _module_preset=&#8220;default&#8220; global_colors_info=&#8220;{}&#8220;][et_pb_text _builder_version=&#8220;4.23.4&#8243; _module_preset=&#8220;cff01aa5-2d32-4a35-a9aa-002a53b855e0&#8243; locked=&#8220;off&#8220; global_colors_info=&#8220;{}&#8220;]<\/p>\n<h1>So unterst\u00fctzen auch Sie unsere Rettungseins\u00e4tze!<\/h1>\n<p>[\/et_pb_text][et_pb_text _builder_version=&#8220;4.21.0&#8243; _module_preset=&#8220;9fd189b4-3355-4c04-8c61-0fd47fda0ac1&#8243; global_colors_info=&#8220;{}&#8220;]<\/p>\n<p><span>Unsere Sammelaktion hat das Ziel, zehn engagierte Drohnenpiloten finanziell zu unterst\u00fctzen. F\u00fcr die Anschaffung und den Unterhalt der Drohnen ben\u00f6tigen wir je CHF 5&#8217;500 pro Pilot. Die Drohnen sind f\u00fcr unsere Rettungseins\u00e4tze unverzichtbar, da sie mit W\u00e4rmebildkameras ausgestattet sind und somit die effektivste Methode darstellen, um die Tiere zu finden und zu sch\u00fctzen.<\/span><\/p>\n<p>[\/et_pb_text][et_pb_button button_url=&#8220;https:\/\/www.kitz-suche.ch\/wp-content\/uploads\/2024\/06\/Sponsorenbroschuere-d_f.pdf&#8220; url_new_window=&#8220;on&#8220; button_text=&#8220;Brosch\u00fcre downloaden&#8220; button_alignment=&#8220;center&#8220; _builder_version=&#8220;4.23.4&#8243; _module_preset=&#8220;b9967370-8251-411d-9eb1-adecf709c699&#8243; locked=&#8220;off&#8220; global_colors_info=&#8220;{}&#8220;][\/et_pb_button][et_pb_button button_url=&#8220;https:\/\/www.kitz-suche.ch\/wp-content\/uploads\/2025\/08\/Spenderliste-30.07.2025.pdf&#8220; url_new_window=&#8220;on&#8220; button_text=&#8220;Spendenbericht Stand Juli 2025&#8243; button_alignment=&#8220;center&#8220; _builder_version=&#8220;4.23.4&#8243; _module_preset=&#8220;b9967370-8251-411d-9eb1-adecf709c699&#8243; hover_enabled=&#8220;0&#8243; locked=&#8220;off&#8220; global_colors_info=&#8220;{}&#8220; sticky_enabled=&#8220;0&#8243;][\/et_pb_button][\/et_pb_column][\/et_pb_row][\/et_pb_section][et_pb_section fb_built=&#8220;1&#8243; _builder_version=&#8220;4.23.4&#8243; _module_preset=&#8220;default&#8220; global_colors_info=&#8220;{}&#8220;][et_pb_row column_structure=&#8220;1_2,1_2&#8243; _builder_version=&#8220;4.23.4&#8243; _module_preset=&#8220;default&#8220; global_colors_info=&#8220;{}&#8220;][et_pb_column type=&#8220;1_2&#8243; _builder_version=&#8220;4.23.4&#8243; _module_preset=&#8220;default&#8220; global_colors_info=&#8220;{}&#8220;][et_pb_text _builder_version=&#8220;4.23.4&#8243; _module_preset=&#8220;default&#8220; global_colors_info=&#8220;{}&#8220;]<\/p>\n<p><strong>Finanzplan<\/strong><\/p>\n<p>Um unsere Ziele zu erreichen, haben wir einen umfassenden Finanzplan erstellt. Dieser umfasst Beitr\u00e4ge von Gemeinden, Stiftungen, Firmen sowie Einzelg\u00f6nnern. Falls die geplante Sammelsumme nicht erreicht wird, werden die Drohnenpiloten gem\u00e4ss den verf\u00fcgbaren Mitteln entsch\u00e4digt, und es wird eine weitere Sammlung organisiert.<\/p>\n<p><strong>Werden Sie Sponsor<\/strong><\/p>\n<p>Wir bieten unseren Spendern verschiedene Sponsoring-Pakete an. Ob Hauptsponsor oder Unterst\u00fctzer mit einem kleineren Beitrag \u2013 jede Hilfe z\u00e4hlt und wird gesch\u00e4tzt. Ihre Unterst\u00fctzung hilft uns, unsere Mission fortzusetzen und die Wildtiere zu sch\u00fctzen.<\/p>\n<p>[\/et_pb_text][\/et_pb_column][et_pb_column type=&#8220;1_2&#8243; _builder_version=&#8220;4.23.4&#8243; _module_preset=&#8220;default&#8220; global_colors_info=&#8220;{}&#8220;][\/et_pb_column][\/et_pb_row][\/et_pb_section][et_pb_section fb_built=&#8220;1&#8243; admin_label=&#8220;Spenden&#8220; _builder_version=&#8220;4.23.4&#8243; _module_preset=&#8220;default&#8220; locked=&#8220;off&#8220; collapsed=&#8220;on&#8220; global_colors_info=&#8220;{}&#8220;][\/et_pb_section]<\/p>\n","protected":false},"excerpt":{"rendered":"<p>Sponsor werden.\u00a0So unterst\u00fctzen auch Sie unsere Rettungseins\u00e4tze!Unsere Sammelaktion hat das Ziel, zehn engagierte Drohnenpiloten finanziell zu unterst\u00fctzen. F\u00fcr die Anschaffung und den Unterhalt der Drohnen ben\u00f6tigen wir je CHF 5&#8217;500 pro Pilot. Die Drohnen sind f\u00fcr unsere Rettungseins\u00e4tze unverzichtbar, da sie mit W\u00e4rmebildkameras ausgestattet sind und somit die effektivste Methode darstellen, um die Tiere zu [&hellip;]<\/p>\n","protected":false},"author":1,"featured_media":0,"parent":0,"menu_order":0,"comment_status":"closed","ping_status":"closed","template":"","meta":{"_et_pb_use_builder":"on","_et_pb_old_content":"","_et_gb_content_width":"","footnotes":""},"class_list":["post-244","page","type-page","status-publish","hentry"],"_links":{"self":[{"href":"https:\/\/www.kitz-suche.ch\/index.php?rest_route=\/wp\/v2\/pages\/244","targetHints":{"allow":["GET"]}}],"collection":[{"href":"https:\/\/www.kitz-suche.ch\/index.php?rest_route=\/wp\/v2\/pages"}],"about":[{"href":"https:\/\/www.kitz-suche.ch\/index.php?rest_route=\/wp\/v2\/types\/page"}],"author":[{"embeddable":true,"href":"https:\/\/www.kitz-suche.ch\/index.php?rest_route=\/wp\/v2\/users\/1"}],"replies":[{"embeddable":true,"href":"https:\/\/www.kitz-suche.ch\/index.php?rest_route=%2Fwp%2Fv2%2Fcomments&post=244"}],"version-history":[{"count":18,"href":"https:\/\/www.kitz-suche.ch\/index.php?rest_route=\/wp\/v2\/pages\/244\/revisions"}],"predecessor-version":[{"id":376,"href":"https:\/\/www.kitz-suche.ch\/index.php?rest_route=\/wp\/v2\/pages\/244\/revisions\/376"}],"wp:attachment":[{"href":"https:\/\/www.kitz-suche.ch\/index.php?rest_route=%2Fwp%2Fv2%2Fmedia&parent=244"}],"curies":[{"name":"wp","href":"https:\/\/api.w.org\/{rel}","templated":true}]}}