{"id":38,"date":"2023-12-30T13:07:05","date_gmt":"2023-12-30T13:07:05","guid":{"rendered":"https:\/\/preview.kitz-suche.ch\/?page_id=38"},"modified":"2026-02-01T18:08:02","modified_gmt":"2026-02-01T18:08:02","slug":"verein","status":"publish","type":"page","link":"https:\/\/www.kitz-suche.ch\/?page_id=38","title":{"rendered":"Verein"},"content":{"rendered":"<p>[et_pb_section fb_built=&#8220;1&#8243; admin_label=&#8220;Header&#8220; _builder_version=&#8220;4.21.0&#8243; _module_preset=&#8220;default&#8220; custom_padding=&#8220;||0px||false|false&#8220; collapsed=&#8220;on&#8220; global_colors_info=&#8220;{}&#8220;][et_pb_row _builder_version=&#8220;4.21.0&#8243; _module_preset=&#8220;default&#8220; global_colors_info=&#8220;{}&#8220;][et_pb_column type=&#8220;4_4&#8243; _builder_version=&#8220;4.21.0&#8243; _module_preset=&#8220;default&#8220; global_colors_info=&#8220;{}&#8220;][et_pb_text _builder_version=&#8220;4.21.0&#8243; _module_preset=&#8220;7e652306-b012-46fc-b63d-6d0dbb355918&#8243; global_colors_info=&#8220;{}&#8220;]<\/p>\n<h1>Verein Rehkitzrettung SenSee<\/h1>\n<p>[\/et_pb_text][\/et_pb_column][\/et_pb_row][\/et_pb_section][et_pb_section fb_built=&#8220;1&#8243; admin_label=&#8220;About&#8220; _builder_version=&#8220;4.21.0&#8243; _module_preset=&#8220;default&#8220; collapsed=&#8220;on&#8220; global_colors_info=&#8220;{}&#8220;][et_pb_row column_structure=&#8220;1_2,1_2&#8243; _builder_version=&#8220;4.21.0&#8243; _module_preset=&#8220;default&#8220; global_colors_info=&#8220;{}&#8220;][et_pb_column type=&#8220;1_2&#8243; _builder_version=&#8220;4.21.0&#8243; _module_preset=&#8220;default&#8220; global_colors_info=&#8220;{}&#8220;][et_pb_text _builder_version=&#8220;4.21.0&#8243; _module_preset=&#8220;a9eed23f-16a2-4030-8fc8-43f93cc6a186&#8243; global_colors_info=&#8220;{}&#8220;]<\/p>\n<h2>2023 gegr\u00fcndet und bereits 193 Rehkitze gerettet.<\/h2>\n<p>[\/et_pb_text][\/et_pb_column][et_pb_column type=&#8220;1_2&#8243; _builder_version=&#8220;4.21.0&#8243; _module_preset=&#8220;default&#8220; global_colors_info=&#8220;{}&#8220;][et_pb_text _builder_version=&#8220;4.21.0&#8243; _module_preset=&#8220;9cd6956d-9df2-4ca4-8db0-1434d60554e6&#8243; global_colors_info=&#8220;{}&#8220;]<\/p>\n<p>Der Verein &#8222;Rehkitzrettung SenSee&#8220; wurde 2023 von engagierten Rehkitzrettern, J\u00e4gern und Drohnenpiloten gegr\u00fcndet und widmet sich der Aufgabe, finanzielle Mittel f\u00fcr die Rehkitzrettung zu sammeln.<\/p>\n<p>In erster Linie m\u00f6chten wir Piloten:innen f\u00fcr das Einsatzgebiet Deutschfreiburg finanziell unterst\u00fctzen.<\/p>\n<p>&nbsp;<\/p>\n<p>Unser Verein verfolgt keine kommerziellen Zwecke und strebt keinen Gewinn an.<\/p>\n<p>&nbsp;<\/p>\n<p>[\/et_pb_text][\/et_pb_column][\/et_pb_row][et_pb_row disabled_on=&#8220;on|on|on&#8220; _builder_version=&#8220;4.23.4&#8243; _module_preset=&#8220;default&#8220; disabled=&#8220;on&#8220; global_colors_info=&#8220;{}&#8220;][et_pb_column type=&#8220;4_4&#8243; _builder_version=&#8220;4.21.0&#8243; _module_preset=&#8220;default&#8220; global_colors_info=&#8220;{}&#8220;][et_pb_image src=&#8220;https:\/\/preview.kitz-suche.ch\/wp-content\/uploads\/2023\/12\/home-decor-23.png&#8220; title_text=&#8220;Rettungsteam_bg&#8220; _builder_version=&#8220;4.23.4&#8243; _module_preset=&#8220;default&#8220; background_image=&#8220;https:\/\/www.kitz-suche.ch\/wp-content\/uploads\/2023\/12\/Rettungsteam_bg.jpg&#8220; global_colors_info=&#8220;{}&#8220;][\/et_pb_image][\/et_pb_column][\/et_pb_row][\/et_pb_section][et_pb_section fb_built=&#8220;1&#8243; admin_label=&#8220;Video&#8220; _builder_version=&#8220;4.21.0&#8243; _module_preset=&#8220;default&#8220; locked=&#8220;off&#8220; collapsed=&#8220;on&#8220; global_colors_info=&#8220;{}&#8220;][et_pb_row _builder_version=&#8220;4.23.4&#8243; _module_preset=&#8220;default&#8220; global_colors_info=&#8220;{}&#8220;][et_pb_column type=&#8220;4_4&#8243; _builder_version=&#8220;4.23.4&#8243; _module_preset=&#8220;default&#8220; global_colors_info=&#8220;{}&#8220;][et_pb_text _builder_version=&#8220;4.23.4&#8243; _module_preset=&#8220;73310e8b-33fc-4965-8f9a-7f43baf01287&#8243; header_4_text_color=&#8220;gcid-52e8b489-b10c-41af-b3c4-a69642f2df1f&#8220; text_orientation=&#8220;center&#8220; global_colors_info=&#8220;{%22gcid-52e8b489-b10c-41af-b3c4-a69642f2df1f%22:%91%22header_4_text_color%22%93}&#8220;]<\/p>\n<h4>In der Presse<\/h4>\n<p>[\/et_pb_text][\/et_pb_column][\/et_pb_row][et_pb_row column_structure=&#8220;1_2,1_2&#8243; _builder_version=&#8220;4.23.4&#8243; _module_preset=&#8220;default&#8220; max_width=&#8220;822px&#8220; module_alignment=&#8220;center&#8220; custom_margin=&#8220;3px||||false|false&#8220; saved_tabs=&#8220;all&#8220; global_colors_info=&#8220;{}&#8220;][et_pb_column type=&#8220;1_2&#8243; _builder_version=&#8220;4.21.0&#8243; _module_preset=&#8220;default&#8220; global_colors_info=&#8220;{}&#8220;][et_pb_image src=&#8220;https:\/\/www.kitz-suche.ch\/wp-content\/uploads\/2024\/02\/Freiburger_Nachrichten_Thumb.jpg&#8220; title_text=&#8220;Freiburger_Nachrichten_Thumb&#8220; url=&#8220;https:\/\/www.kitz-suche.ch\/wp-content\/uploads\/2024\/02\/Freiburger_Nachrichten_20230708.pdf&#8220; url_new_window=&#8220;on&#8220; _builder_version=&#8220;4.23.4&#8243; _module_preset=&#8220;default&#8220; box_shadow_style=&#8220;preset3&#8243; box_shadow_spread=&#8220;-9px&#8220; global_colors_info=&#8220;{}&#8220;][\/et_pb_image][et_pb_text _builder_version=&#8220;4.23.4&#8243; _module_preset=&#8220;5f5aaeb1-d301-4af9-a30b-37c5075da578&#8243; text_orientation=&#8220;center&#8220; global_colors_info=&#8220;{}&#8220;]<\/p>\n<h4>Freiburger Nachrichten, 8. Juli 2023<\/h4>\n<p>[\/et_pb_text][\/et_pb_column][et_pb_column type=&#8220;1_2&#8243; _builder_version=&#8220;4.21.0&#8243; _module_preset=&#8220;default&#8220; global_colors_info=&#8220;{}&#8220;][et_pb_image src=&#8220;https:\/\/www.kitz-suche.ch\/wp-content\/uploads\/2024\/02\/UnsereRegion_Thumb.jpg&#8220; title_text=&#8220;UnsereRegion_Thumb&#8220; url=&#8220;https:\/\/murten.unsereregion.ch\/vereinsleben\/4724-verein-rehkitzrettung-sensee-lebensretter-im-einsatz.html&#8220; url_new_window=&#8220;on&#8220; _builder_version=&#8220;4.23.4&#8243; _module_preset=&#8220;default&#8220; box_shadow_style=&#8220;preset3&#8243; box_shadow_spread=&#8220;-9px&#8220; global_colors_info=&#8220;{}&#8220;][\/et_pb_image][et_pb_text _builder_version=&#8220;4.23.4&#8243; _module_preset=&#8220;5f5aaeb1-d301-4af9-a30b-37c5075da578&#8243; text_orientation=&#8220;center&#8220; global_colors_info=&#8220;{}&#8220;]<\/p>\n<h4>unsereRegion, 23. Juli 2023<\/h4>\n<p>[\/et_pb_text][\/et_pb_column][\/et_pb_row][\/et_pb_section][et_pb_section fb_built=&#8220;1&#8243; admin_label=&#8220;Video&#8220; _builder_version=&#8220;4.21.0&#8243; _module_preset=&#8220;default&#8220; locked=&#8220;off&#8220; collapsed=&#8220;on&#8220; global_colors_info=&#8220;{}&#8220;][et_pb_row _builder_version=&#8220;4.21.0&#8243; _module_preset=&#8220;default&#8220; max_width=&#8220;822px&#8220; module_alignment=&#8220;center&#8220; saved_tabs=&#8220;all&#8220; global_colors_info=&#8220;{}&#8220;][et_pb_column type=&#8220;4_4&#8243; _builder_version=&#8220;4.21.0&#8243; _module_preset=&#8220;default&#8220; global_colors_info=&#8220;{}&#8220;][et_pb_text _builder_version=&#8220;4.23.4&#8243; _module_preset=&#8220;30b24030-e060-4229-a005-591583cfe80b&#8220; header_4_text_color=&#8220;gcid-52e8b489-b10c-41af-b3c4-a69642f2df1f&#8220; text_orientation=&#8220;center&#8220; global_colors_info=&#8220;{%22gcid-52e8b489-b10c-41af-b3c4-a69642f2df1f%22:%91%22header_4_text_color%22%93}&#8220;]<\/p>\n<h4>Der Vorstand<\/h4>\n<p>[\/et_pb_text][et_pb_text _builder_version=&#8220;4.21.0&#8243; _module_preset=&#8220;7594accd-f99c-47f1-addc-4b61f31462f6&#8243; text_orientation=&#8220;center&#8220; global_colors_info=&#8220;{}&#8220;]<\/p>\n<h3>Wir machen das aus Tierschutzgr\u00fcnden.<\/h3>\n<p>[\/et_pb_text][\/et_pb_column][\/et_pb_row][et_pb_row column_structure=&#8220;1_2,1_2&#8243; _builder_version=&#8220;4.23.4&#8243; _module_preset=&#8220;default&#8220; locked=&#8220;off&#8220; global_colors_info=&#8220;{}&#8220;][et_pb_column type=&#8220;1_2&#8243; _builder_version=&#8220;4.23.4&#8243; _module_preset=&#8220;default&#8220; background_color=&#8220;#B1CBC1&#8243; background_enable_image=&#8220;off&#8220; overflow-x=&#8220;visible&#8220; overflow-y=&#8220;visible&#8220; custom_padding=&#8220;300px|40px|20px|20px|false|false&#8220; border_radii=&#8220;on|30px|30px|30px|30px&#8220; global_colors_info=&#8220;{}&#8220;][et_pb_blurb title=&#8220;Stefan Heiter&#8220; _builder_version=&#8220;4.23.4&#8243; _module_preset=&#8220;ee7e97ac-c1da-4b44-9339-71a2cc86bfbf&#8220; link_option_url=&#8220;#&#8220; global_colors_info=&#8220;{}&#8220;]<\/p>\n<p>Pr\u00e4sident &amp; Rehkitzretter<\/p>\n<p>[\/et_pb_blurb][\/et_pb_column][et_pb_column type=&#8220;1_2&#8243; _builder_version=&#8220;4.23.4&#8243; _module_preset=&#8220;default&#8220; background_color=&#8220;#B1CBC1&#8243; background_enable_image=&#8220;off&#8220; overflow-x=&#8220;visible&#8220; overflow-y=&#8220;visible&#8220; custom_padding=&#8220;300px|40px|20px|20px|false|false&#8220; border_radii=&#8220;on|30px|30px|30px|30px&#8220; global_colors_info=&#8220;{}&#8220;][et_pb_blurb title=&#8220;Sandra Leumann&#8220; _builder_version=&#8220;4.23.4&#8243; _module_preset=&#8220;ee7e97ac-c1da-4b44-9339-71a2cc86bfbf&#8220; link_option_url=&#8220;#&#8220; global_colors_info=&#8220;{}&#8220;]<\/p>\n<p>Kassiererin &amp; Rehkitzretterin<\/p>\n<p>[\/et_pb_blurb][\/et_pb_column][\/et_pb_row][et_pb_row column_structure=&#8220;1_2,1_2&#8243; _builder_version=&#8220;4.23.4&#8243; _module_preset=&#8220;default&#8220; locked=&#8220;off&#8220; global_colors_info=&#8220;{}&#8220;][et_pb_column type=&#8220;1_2&#8243; _builder_version=&#8220;4.23.4&#8243; _module_preset=&#8220;default&#8220; background_color=&#8220;#B1CBC1&#8243; background_enable_image=&#8220;off&#8220; overflow-x=&#8220;visible&#8220; overflow-y=&#8220;visible&#8220; custom_padding=&#8220;300px|40px|20px|20px|false|false&#8220; border_radii=&#8220;on|30px|30px|30px|30px&#8220; global_colors_info=&#8220;{}&#8220;][et_pb_blurb title=&#8220;Andrea Perrig&#8220; _builder_version=&#8220;4.21.0&#8243; _module_preset=&#8220;ee7e97ac-c1da-4b44-9339-71a2cc86bfbf&#8220; link_option_url=&#8220;#&#8220; global_colors_info=&#8220;{}&#8220;]<\/p>\n<p>Aktuarin &amp; Rehkitzretterin<\/p>\n<p>[\/et_pb_blurb][\/et_pb_column][et_pb_column type=&#8220;1_2&#8243; _builder_version=&#8220;4.23.4&#8243; _module_preset=&#8220;default&#8220; background_color=&#8220;#B1CBC1&#8243; background_enable_image=&#8220;off&#8220; overflow-x=&#8220;visible&#8220; overflow-y=&#8220;visible&#8220; custom_padding=&#8220;300px|40px|20px|20px|false|false&#8220; border_radii=&#8220;on|30px|30px|30px|30px&#8220; global_colors_info=&#8220;{}&#8220;][et_pb_blurb title=&#8220;Dominik Neiniger&#8220; _builder_version=&#8220;4.21.0&#8243; _module_preset=&#8220;ee7e97ac-c1da-4b44-9339-71a2cc86bfbf&#8220; link_option_url=&#8220;#&#8220; global_colors_info=&#8220;{}&#8220;]<\/p>\n<p>Hegeverantwortlicher &amp; Rehkitzretter<\/p>\n<p>[\/et_pb_blurb][\/et_pb_column][\/et_pb_row][et_pb_row column_structure=&#8220;1_2,1_2&#8243; _builder_version=&#8220;4.23.4&#8243; _module_preset=&#8220;default&#8220; locked=&#8220;off&#8220; global_colors_info=&#8220;{}&#8220;][et_pb_column type=&#8220;1_2&#8243; _builder_version=&#8220;4.23.4&#8243; _module_preset=&#8220;default&#8220; background_color=&#8220;#B1CBC1&#8243; background_enable_image=&#8220;off&#8220; overflow-x=&#8220;visible&#8220; overflow-y=&#8220;visible&#8220; custom_padding=&#8220;300px|40px|20px|20px|false|false&#8220; border_radii=&#8220;on|30px|30px|30px|30px&#8220; global_colors_info=&#8220;{}&#8220;][et_pb_blurb title=&#8220;Stefan Aebischer&#8220; _builder_version=&#8220;4.21.0&#8243; _module_preset=&#8220;ee7e97ac-c1da-4b44-9339-71a2cc86bfbf&#8220; link_option_url=&#8220;#&#8220; global_colors_info=&#8220;{}&#8220;]<\/p>\n<p>Webmaster<\/p>\n<p>[\/et_pb_blurb][\/et_pb_column][et_pb_column type=&#8220;1_2&#8243; _builder_version=&#8220;4.23.4&#8243; _module_preset=&#8220;default&#8220; background_enable_image=&#8220;off&#8220; overflow-x=&#8220;visible&#8220; overflow-y=&#8220;visible&#8220; custom_padding=&#8220;300px|40px|20px|20px|false|false&#8220; border_radii=&#8220;on|30px|30px|30px|30px&#8220; global_colors_info=&#8220;{}&#8220;][\/et_pb_column][\/et_pb_row][\/et_pb_section][et_pb_section fb_built=&#8220;1&#8243; admin_label=&#8220;Services&#8220; _builder_version=&#8220;4.21.0&#8243; _module_preset=&#8220;default&#8220; locked=&#8220;off&#8220; collapsed=&#8220;on&#8220; global_colors_info=&#8220;{}&#8220;][et_pb_row column_structure=&#8220;1_2,1_2&#8243; _builder_version=&#8220;4.23.4&#8243; _module_preset=&#8220;default&#8220; global_colors_info=&#8220;{}&#8220;][et_pb_column type=&#8220;1_2&#8243; _builder_version=&#8220;4.23.4&#8243; _module_preset=&#8220;default&#8220; background_color=&#8220;RGBA(255,255,255,0)&#8220; global_colors_info=&#8220;{}&#8220;][et_pb_image src=&#8220;https:\/\/www.kitz-suche.ch\/wp-content\/uploads\/2024\/02\/IMG-20230930-WA0002.jpg&#8220; title_text=&#8220;IMG-20230930-WA0002&#8243; _builder_version=&#8220;4.23.4&#8243; _module_preset=&#8220;default&#8220; border_radii=&#8220;on|50px|50px|50px|50px&#8220; locked=&#8220;off&#8220; global_colors_info=&#8220;{}&#8220;][\/et_pb_image][\/et_pb_column][et_pb_column type=&#8220;1_2&#8243; _builder_version=&#8220;4.21.0&#8243; _module_preset=&#8220;default&#8220; global_colors_info=&#8220;{}&#8220;][et_pb_text _builder_version=&#8220;4.23.4&#8243; _module_preset=&#8220;30b24030-e060-4229-a005-591583cfe80b&#8220; header_4_text_color=&#8220;gcid-52e8b489-b10c-41af-b3c4-a69642f2df1f&#8220; text_orientation=&#8220;center&#8220; global_colors_info=&#8220;{%22gcid-52e8b489-b10c-41af-b3c4-a69642f2df1f%22:%91%22header_4_text_color%22%93}&#8220;]<\/p>\n<h4>Was wir tun<\/h4>\n<p>[\/et_pb_text][et_pb_blurb title=&#8220;Unterst\u00fctzung f\u00fcr Drohnenpiloten:innen&#8220; use_icon=&#8220;on&#8220; font_icon=&#8220;&#xe0f9;||divi||400&#8243; _builder_version=&#8220;4.21.0&#8243; _module_preset=&#8220;45925c32-56e5-409f-9176-e0d327ab462d&#8220; global_colors_info=&#8220;{}&#8220;]<\/p>\n<p>Gem\u00e4ss Reglement unterst\u00fctzen wir Drohnenpilot:innen finanziell bei der Rehkitzrettung.<\/p>\n<p>[\/et_pb_blurb][et_pb_blurb title=&#8220;Aufkl\u00e4rung&#8220; use_icon=&#8220;on&#8220; font_icon=&#8220;&#xf5ae;||fa||900&#8243; _builder_version=&#8220;4.23.4&#8243; _module_preset=&#8220;45925c32-56e5-409f-9176-e0d327ab462d&#8220; global_colors_info=&#8220;{}&#8220;]<\/p>\n<p>Wir nehmen an lokalen Anl\u00e4ssen teil und erkl\u00e4ren die Rehkitzrettung mit W\u00e4rmebilddrohnen. \u00a0<\/p>\n<p>[\/et_pb_blurb][et_pb_blurb title=&#8220;Netzwerk&#8220; use_icon=&#8220;on&#8220; font_icon=&#8220;&#xf5ae;||fa||900&#8243; _builder_version=&#8220;4.23.4&#8243; _module_preset=&#8220;45925c32-56e5-409f-9176-e0d327ab462d&#8220; global_colors_info=&#8220;{}&#8220;]<\/p>\n<p>Wir bauen ein Netzwerk von ehrenamtlichen Rehkitzretter:innen und Drohnenpilot:innen auf.\u00a0<\/p>\n<p>[\/et_pb_blurb][\/et_pb_column][\/et_pb_row][et_pb_row _builder_version=&#8220;4.23.4&#8243; _module_preset=&#8220;default&#8220; global_colors_info=&#8220;{}&#8220;][et_pb_column type=&#8220;4_4&#8243; _builder_version=&#8220;4.23.4&#8243; _module_preset=&#8220;default&#8220; global_colors_info=&#8220;{}&#8220;][et_pb_heading title=&#8220;Vereinsdokumente&#8220; _builder_version=&#8220;4.23.4&#8243; _module_preset=&#8220;default&#8220; global_colors_info=&#8220;{}&#8220;][\/et_pb_heading][et_pb_text _builder_version=&#8220;4.23.4&#8243; _module_preset=&#8220;default&#8220; global_colors_info=&#8220;{}&#8220;]<\/p>\n<p><img loading=\"lazy\" decoding=\"async\" src=\"https:\/\/www.kitz-suche.ch\/wp-content\/uploads\/2024\/02\/PDF_file_icon.svg_.png\" width=\"16\" height=\"20\" alt=\"\" class=\"wp-image-145 alignnone size-full\" \/> <a target=\"_blank\" href=\"https:\/\/www.kitz-suche.ch\/wp-content\/uploads\/2024\/02\/Vereinsstatuten_2023.pdf\" rel=\"attachment noopener wp-att-153\">Vereinsstatuten<\/a><\/p>\n<p><img loading=\"lazy\" decoding=\"async\" src=\"https:\/\/www.kitz-suche.ch\/wp-content\/uploads\/2024\/02\/PDF_file_icon.svg_.png\" width=\"16\" height=\"20\" alt=\"\" class=\"wp-image-145 alignnone size-full\" \/> <a target=\"_blank\" href=\"https:\/\/www.kitz-suche.ch\/wp-content\/uploads\/2024\/02\/Steuerbefreiungsverfuegung-Rehkitzrettung-SenSee.pdf\" rel=\"attachment wp-att-154 noopener\">Steuerbefreiungsverf\u00fcgung<\/a><\/p>\n<p><img loading=\"lazy\" decoding=\"async\" src=\"https:\/\/www.kitz-suche.ch\/wp-content\/uploads\/2024\/02\/PDF_file_icon.svg_.png\" width=\"16\" height=\"20\" alt=\"\" class=\"wp-image-145 alignnone size-full\" \/> <a target=\"_blank\" href=\"https:\/\/www.kitz-suche.ch\/wp-content\/uploads\/2024\/04\/Reglement_Sensee_2024_V1.pdf\" rel=\"noopener\">Reglement f\u00fcr Pilot:innen<\/a><\/p>\n<p>&nbsp;<\/p>\n<p>&nbsp;<\/p>\n<p>[\/et_pb_text][\/et_pb_column][\/et_pb_row][\/et_pb_section][et_pb_section fb_built=&#8220;1&#8243; admin_label=&#8220;Spenden&#8220; _builder_version=&#8220;4.23.4&#8243; _module_preset=&#8220;default&#8220; locked=&#8220;off&#8220; collapsed=&#8220;on&#8220; global_colors_info=&#8220;{}&#8220;][et_pb_row column_structure=&#8220;2_5,3_5&#8243; _builder_version=&#8220;4.21.0&#8243; _module_preset=&#8220;default&#8220; max_width=&#8220;1280px&#8220; locked=&#8220;off&#8220; global_colors_info=&#8220;{}&#8220;][et_pb_column type=&#8220;2_5&#8243; _builder_version=&#8220;4.21.0&#8243; _module_preset=&#8220;default&#8220; z_index=&#8220;10&#8243; global_colors_info=&#8220;{}&#8220;][et_pb_text _builder_version=&#8220;4.21.0&#8243; _module_preset=&#8220;5708310a-e7f1-4e71-a717-6679413cd8b5&#8243; global_colors_info=&#8220;{}&#8220;]<\/p>\n<h2>Jetzt spenden<\/h2>\n<p>[\/et_pb_text][et_pb_text _builder_version=&#8220;4.21.0&#8243; _module_preset=&#8220;cff01aa5-2d32-4a35-a9aa-002a53b855e0&#8243; global_colors_info=&#8220;{}&#8220;]<\/p>\n<p>Mit einer Spende unterst\u00fctzen Sie den Kauf und Unterhalt von Drohnen, die bei den freiwilligen Eins\u00e4tzen der Rehkitzrettung unverzichtbar sind.<\/p>\n<p>[\/et_pb_text][et_pb_text _builder_version=&#8220;4.23.4&#8243; _module_preset=&#8220;default&#8220; global_colors_info=&#8220;{}&#8220;]<\/p>\n<p>Rehkitzrettung SenSee<br \/>Pr\u00e4sident: Stefan Heiter<br \/>1785 Cressier<\/p>\n<p><strong>Konto CH28 8080 8002 9750 4721 8<\/strong><\/p>\n<p>[\/et_pb_text][\/et_pb_column][et_pb_column type=&#8220;3_5&#8243; _builder_version=&#8220;4.21.0&#8243; _module_preset=&#8220;default&#8220; background_enable_image=&#8220;off&#8220; global_colors_info=&#8220;{}&#8220;][et_pb_image src=&#8220;https:\/\/preview.kitz-suche.ch\/wp-content\/uploads\/2023\/12\/scan-qr-1.jpg&#8220; title_text=&#8220;scan-qr&#8220; _builder_version=&#8220;4.23.4&#8243; _module_preset=&#8220;default&#8220; background_enable_image=&#8220;off&#8220; width=&#8220;100%&#8220; max_width=&#8220;59%&#8220; module_alignment=&#8220;center&#8220; custom_margin=&#8220;||0px||false|false&#8220; global_colors_info=&#8220;{}&#8220;][\/et_pb_image][\/et_pb_column][\/et_pb_row][\/et_pb_section]<\/p>\n","protected":false},"excerpt":{"rendered":"<p>Verein Rehkitzrettung SenSee2023 gegr\u00fcndet und bereits 193 Rehkitze gerettet.Der Verein &#8222;Rehkitzrettung SenSee&#8220; wurde 2023 von engagierten Rehkitzrettern, J\u00e4gern und Drohnenpiloten gegr\u00fcndet und widmet sich der Aufgabe, finanzielle Mittel f\u00fcr die Rehkitzrettung zu sammeln. In erster Linie m\u00f6chten wir Piloten:innen f\u00fcr das Einsatzgebiet Deutschfreiburg finanziell unterst\u00fctzen. &nbsp; Unser Verein verfolgt keine kommerziellen Zwecke und strebt keinen [&hellip;]<\/p>\n","protected":false},"author":1,"featured_media":0,"parent":0,"menu_order":0,"comment_status":"closed","ping_status":"closed","template":"","meta":{"_et_pb_use_builder":"on","_et_pb_old_content":"","_et_gb_content_width":"","footnotes":""},"class_list":["post-38","page","type-page","status-publish","hentry"],"_links":{"self":[{"href":"https:\/\/www.kitz-suche.ch\/index.php?rest_route=\/wp\/v2\/pages\/38","targetHints":{"allow":["GET"]}}],"collection":[{"href":"https:\/\/www.kitz-suche.ch\/index.php?rest_route=\/wp\/v2\/pages"}],"about":[{"href":"https:\/\/www.kitz-suche.ch\/index.php?rest_route=\/wp\/v2\/types\/page"}],"author":[{"embeddable":true,"href":"https:\/\/www.kitz-suche.ch\/index.php?rest_route=\/wp\/v2\/users\/1"}],"replies":[{"embeddable":true,"href":"https:\/\/www.kitz-suche.ch\/index.php?rest_route=%2Fwp%2Fv2%2Fcomments&post=38"}],"version-history":[{"count":18,"href":"https:\/\/www.kitz-suche.ch\/index.php?rest_route=\/wp\/v2\/pages\/38\/revisions"}],"predecessor-version":[{"id":379,"href":"https:\/\/www.kitz-suche.ch\/index.php?rest_route=\/wp\/v2\/pages\/38\/revisions\/379"}],"wp:attachment":[{"href":"https:\/\/www.kitz-suche.ch\/index.php?rest_route=%2Fwp%2Fv2%2Fmedia&parent=38"}],"curies":[{"name":"wp","href":"https:\/\/api.w.org\/{rel}","templated":true}]}}